{"id":3,"date":"2020-03-26T01:27:37","date_gmt":"2020-03-26T01:27:37","guid":{"rendered":"http:\/\/crisjuarex.com\/store\/?page_id=3"},"modified":"2020-05-22T22:31:00","modified_gmt":"2020-05-22T22:31:00","slug":"privacy-policy","status":"publish","type":"page","link":"https:\/\/crisjuarex.com\/store\/privacy-policy\/","title":{"rendered":"Pol\u00edticas de privacidad"},"content":{"rendered":"<p>Tus datos no ser\u00e1n utilizados para ning\u00fan fin comercial, despreoc\u00fapate, yo tambi\u00e9n odio el spam \ud83d\ude09<\/p>","protected":false},"excerpt":{"rendered":"<p>Tus datos no ser\u00e1n utilizados para ning\u00fan fin comercial, despreoc\u00fapate, yo tambi\u00e9n odio el spam \ud83d\ude09<\/p>\n","protected":false},"author":1,"featured_media":0,"parent":0,"menu_order":0,"comment_status":"closed","ping_status":"closed","template":"","meta":{"footnotes":""},"class_list":["post-3","page","type-page","status-publish","hentry"],"_links":{"self":[{"href":"https:\/\/crisjuarex.com\/store\/wp-json\/wp\/v2\/pages\/3","targetHints":{"allow":["GET"]}}],"collection":[{"href":"https:\/\/crisjuarex.com\/store\/wp-json\/wp\/v2\/pages"}],"about":[{"href":"https:\/\/crisjuarex.com\/store\/wp-json\/wp\/v2\/types\/page"}],"author":[{"embeddable":true,"href":"https:\/\/crisjuarex.com\/store\/wp-json\/wp\/v2\/users\/1"}],"replies":[{"embeddable":true,"href":"https:\/\/crisjuarex.com\/store\/wp-json\/wp\/v2\/comments?post=3"}],"version-history":[{"count":2,"href":"https:\/\/crisjuarex.com\/store\/wp-json\/wp\/v2\/pages\/3\/revisions"}],"predecessor-version":[{"id":180,"href":"https:\/\/crisjuarex.com\/store\/wp-json\/wp\/v2\/pages\/3\/revisions\/180"}],"wp:attachment":[{"href":"https:\/\/crisjuarex.com\/store\/wp-json\/wp\/v2\/media?parent=3"}],"curies":[{"name":"wp","href":"https:\/\/api.w.org\/{rel}","templated":true}]}}